{"id":90,"date":"2024-03-03T03:49:33","date_gmt":"2024-03-03T03:49:33","guid":{"rendered":"https:\/\/crypt0coach.com\/?page_id=90"},"modified":"2024-08-17T00:52:27","modified_gmt":"2024-08-17T04:52:27","slug":"contact","status":"publish","type":"page","link":"https:\/\/cryptocoaching.academy\/fr\/contact\/","title":{"rendered":"Contact"},"content":{"rendered":"<div data-elementor-type=\"wp-page\" data-elementor-id=\"90\" class=\"elementor elementor-90\" data-elementor-post-type=\"page\">\n\t\t\t\t<div class=\"elementor-element elementor-element-ded4dc6 e-flex e-con-boxed e-con e-parent\" data-id=\"ded4dc6\" data-element_type=\"container\" data-e-type=\"container\" data-settings=\"{&quot;background_background&quot;:&quot;classic&quot;}\">\n\t\t\t\t\t<div class=\"e-con-inner\">\n\t\t<div class=\"elementor-element elementor-element-92cdae9 e-con-full e-flex e-con e-child\" data-id=\"92cdae9\" data-element_type=\"container\" data-e-type=\"container\">\n\t\t\t\t<div class=\"elementor-element elementor-element-c5f0bd1 elementor-widget elementor-widget-heading\" data-id=\"c5f0bd1\" data-element_type=\"widget\" data-e-type=\"widget\" data-widget_type=\"heading.default\">\n\t\t\t\t<div class=\"elementor-widget-container\">\n\t\t\t\t\t<h1 class=\"elementor-heading-title elementor-size-default\">Contact Us<\/h1>\t\t\t\t<\/div>\n\t\t\t\t<\/div>\n\t\t\t\t<\/div>\n\t\t\t\t\t<\/div>\n\t\t\t\t<\/div>\n\t\t\t\t<section class=\"elementor-section elementor-top-section elementor-element elementor-element-4575e281 elementor-section-boxed elementor-section-height-default elementor-section-height-default\" data-id=\"4575e281\" data-element_type=\"section\" data-e-type=\"section\" data-settings=\"{&quot;mdp_selection_sticky_effect_enable&quot;:false}\">\n\t\t\t\t\t\t<div class=\"elementor-container elementor-column-gap-default\">\n\t\t\t\t\t<div class=\"elementor-column elementor-col-50 elementor-top-column elementor-element elementor-element-647ed61 elementor-invisible\" data-id=\"647ed61\" data-element_type=\"column\" data-e-type=\"column\" data-settings=\"{&quot;animation&quot;:&quot;fadeInUp&quot;,&quot;animation_delay&quot;:200,&quot;background_background&quot;:&quot;classic&quot;,&quot;mdp_selection_sticky_column_effect_enable&quot;:false}\">\n\t\t\t<div class=\"elementor-widget-wrap elementor-element-populated\">\n\t\t\t\t\t\t<div class=\"elementor-element elementor-element-7e9aea9b elementor-widget__width-auto elementor-view-default elementor-widget elementor-widget-icon\" data-id=\"7e9aea9b\" data-element_type=\"widget\" data-e-type=\"widget\" data-widget_type=\"icon.default\">\n\t\t\t\t<div class=\"elementor-widget-container\">\n\t\t\t\t\t\t\t<div class=\"elementor-icon-wrapper\">\n\t\t\t<div class=\"elementor-icon\">\n\t\t\t<svg aria-hidden=\"true\" class=\"e-font-icon-svg e-fas-envelope\" viewbox=\"0 0 512 512\" xmlns=\"http:\/\/www.w3.org\/2000\/svg\"><path d=\"M502.3 190.8c3.9-3.1 9.7-.2 9.7 4.7V400c0 26.5-21.5 48-48 48H48c-26.5 0-48-21.5-48-48V195.6c0-5 5.7-7.8 9.7-4.7 22.4 17.4 52.1 39.5 154.1 113.6 21.1 15.4 56.7 47.8 92.2 47.6 35.7.3 72-32.8 92.3-47.6 102-74.1 131.6-96.3 154-113.7zM256 320c23.2.4 56.6-29.2 73.4-41.4 132.7-96.3 142.8-104.7 173.4-128.7 5.8-4.5 9.2-11.5 9.2-18.9v-19c0-26.5-21.5-48-48-48H48C21.5 64 0 85.5 0 112v19c0 7.4 3.4 14.3 9.2 18.9 30.6 23.9 40.7 32.4 173.4 128.7 16.8 12.2 50.2 41.8 73.4 41.4z\"><\/path><\/svg>\t\t\t<\/div>\n\t\t<\/div>\n\t\t\t\t\t\t<\/div>\n\t\t\t\t<\/div>\n\t\t\t\t<div class=\"elementor-element elementor-element-10cd2504 elementor-widget elementor-widget-heading\" data-id=\"10cd2504\" data-element_type=\"widget\" data-e-type=\"widget\" data-widget_type=\"heading.default\">\n\t\t\t\t<div class=\"elementor-widget-container\">\n\t\t\t\t\t<h5 class=\"elementor-heading-title elementor-size-default\">E-mail<\/h5>\t\t\t\t<\/div>\n\t\t\t\t<\/div>\n\t\t\t\t<div class=\"elementor-element elementor-element-5bbbb88b elementor-align-center elementor-icon-list--layout-traditional elementor-list-item-link-full_width elementor-widget elementor-widget-icon-list\" data-id=\"5bbbb88b\" data-element_type=\"widget\" data-e-type=\"widget\" data-widget_type=\"icon-list.default\">\n\t\t\t\t<div class=\"elementor-widget-container\">\n\t\t\t\t\t\t\t<ul class=\"elementor-icon-list-items\">\n\t\t\t\t\t\t\t<li class=\"elementor-icon-list-item\">\n\t\t\t\t\t\t\t\t\t\t\t<a href=\"mailto:support@crypt0coach.com\">\n\n\t\t\t\t\t\t\t\t\t\t\t<span class=\"elementor-icon-list-text\">support@crypt0coach.com<\/span>\n\t\t\t\t\t\t\t\t\t\t\t<\/a>\n\t\t\t\t\t\t\t\t\t<\/li>\n\t\t\t\t\t\t<\/ul>\n\t\t\t\t\t\t<\/div>\n\t\t\t\t<\/div>\n\t\t\t\t\t<\/div>\n\t\t<\/div>\n\t\t\t\t<div class=\"elementor-column elementor-col-50 elementor-top-column elementor-element elementor-element-3e3032ac elementor-invisible\" data-id=\"3e3032ac\" data-element_type=\"column\" data-e-type=\"column\" data-settings=\"{&quot;animation&quot;:&quot;fadeInUp&quot;,&quot;animation_delay&quot;:300,&quot;mdp_selection_sticky_column_effect_enable&quot;:false}\">\n\t\t\t<div class=\"elementor-widget-wrap elementor-element-populated\">\n\t\t\t\t\t\t<div class=\"elementor-element elementor-element-5e8139fe elementor-widget__width-auto elementor-view-default elementor-widget elementor-widget-icon\" data-id=\"5e8139fe\" data-element_type=\"widget\" data-e-type=\"widget\" data-widget_type=\"icon.default\">\n\t\t\t\t<div class=\"elementor-widget-container\">\n\t\t\t\t\t\t\t<div class=\"elementor-icon-wrapper\">\n\t\t\t<div class=\"elementor-icon\">\n\t\t\t<svg aria-hidden=\"true\" class=\"e-font-icon-svg e-fas-phone\" viewbox=\"0 0 512 512\" xmlns=\"http:\/\/www.w3.org\/2000\/svg\"><path d=\"M493.4 24.6l-104-24c-11.3-2.6-22.9 3.3-27.5 13.9l-48 112c-4.2 9.8-1.4 21.3 6.9 28l60.6 49.6c-36 76.7-98.9 140.5-177.2 177.2l-49.6-60.6c-6.8-8.3-18.2-11.1-28-6.9l-112 48C3.9 366.5-2 378.1.6 389.4l24 104C27.1 504.2 36.7 512 48 512c256.1 0 464-207.5 464-464 0-11.2-7.7-20.9-18.6-23.4z\"><\/path><\/svg>\t\t\t<\/div>\n\t\t<\/div>\n\t\t\t\t\t\t<\/div>\n\t\t\t\t<\/div>\n\t\t\t\t<div class=\"elementor-element elementor-element-1ada22b1 elementor-widget elementor-widget-heading\" data-id=\"1ada22b1\" data-element_type=\"widget\" data-e-type=\"widget\" data-widget_type=\"heading.default\">\n\t\t\t\t<div class=\"elementor-widget-container\">\n\t\t\t\t\t<h5 class=\"elementor-heading-title elementor-size-default\">Call Us<\/h5>\t\t\t\t<\/div>\n\t\t\t\t<\/div>\n\t\t\t\t<div class=\"elementor-element elementor-element-211821ad elementor-align-center elementor-icon-list--layout-traditional elementor-list-item-link-full_width elementor-widget elementor-widget-icon-list\" data-id=\"211821ad\" data-element_type=\"widget\" data-e-type=\"widget\" data-widget_type=\"icon-list.default\">\n\t\t\t\t<div class=\"elementor-widget-container\">\n\t\t\t\t\t\t\t<ul class=\"elementor-icon-list-items\">\n\t\t\t\t\t\t\t<li class=\"elementor-icon-list-item\">\n\t\t\t\t\t\t\t\t\t\t\t<a href=\"tel:+1450-639-2227\">\n\n\t\t\t\t\t\t\t\t\t\t\t<span class=\"elementor-icon-list-text\">+1450-639-2227<\/span>\n\t\t\t\t\t\t\t\t\t\t\t<\/a>\n\t\t\t\t\t\t\t\t\t<\/li>\n\t\t\t\t\t\t<\/ul>\n\t\t\t\t\t\t<\/div>\n\t\t\t\t<\/div>\n\t\t\t\t\t<\/div>\n\t\t<\/div>\n\t\t\t\t\t<\/div>\n\t\t<\/section>\n\t\t<div class=\"elementor-element elementor-element-2e4d6a9 e-flex e-con-boxed e-con e-parent\" data-id=\"2e4d6a9\" data-element_type=\"container\" data-e-type=\"container\">\n\t\t\t\t\t<div class=\"e-con-inner\">\n\t\t<div class=\"elementor-element elementor-element-ab97024 e-con-full e-flex e-con e-child\" data-id=\"ab97024\" data-element_type=\"container\" data-e-type=\"container\">\n\t\t\t\t<div class=\"elementor-element elementor-element-8c78081 elementor-widget elementor-widget-heading\" data-id=\"8c78081\" data-element_type=\"widget\" data-e-type=\"widget\" data-widget_type=\"heading.default\">\n\t\t\t\t<div class=\"elementor-widget-container\">\n\t\t\t\t\t<h2 class=\"elementor-heading-title elementor-size-default\">We are ready to help grow your idea<\/h2>\t\t\t\t<\/div>\n\t\t\t\t<\/div>\n\t\t\t\t<div class=\"elementor-element elementor-element-e15cff8 elementor-widget elementor-widget-text-editor\" data-id=\"e15cff8\" data-element_type=\"widget\" data-e-type=\"widget\" data-widget_type=\"text-editor.default\">\n\t\t\t\t<div class=\"elementor-widget-container\">\n\t\t\t\t\t\t\t\t\t<p>Are you ready to take control of your financial future? Join me for a one-on-one consultation where I will:<\/p>\t\t\t\t\t\t\t\t<\/div>\n\t\t\t\t<\/div>\n\t\t\t\t<div class=\"elementor-element elementor-element-8df6d7c elementor-button-align-center elementor-mobile-button-align-stretch elementor-widget elementor-widget-form\" data-id=\"8df6d7c\" data-element_type=\"widget\" data-e-type=\"widget\" data-settings=\"{&quot;step_next_label&quot;:&quot;Next&quot;,&quot;step_previous_label&quot;:&quot;Previous&quot;,&quot;button_width&quot;:&quot;100&quot;,&quot;step_type&quot;:&quot;number_text&quot;,&quot;step_icon_shape&quot;:&quot;circle&quot;}\" data-widget_type=\"form.default\">\n\t\t\t\t<div class=\"elementor-widget-container\">\n\t\t\t\t\t\t\t<form class=\"elementor-form\" method=\"post\" name=\"New Form\" action=\"\">\n\t\t\t<input type=\"hidden\" name=\"post_id\" value=\"90\"\/>\n\t\t\t<input type=\"hidden\" name=\"form_id\" value=\"8df6d7c\"\/>\n\t\t\t<input type=\"hidden\" name=\"referer_title\" value=\"CRYPTO COACHING ACADEMY\" \/>\n\n\t\t\t\n\t\t\t<div class=\"elementor-form-fields-wrapper elementor-labels-above\">\n\t\t\t\t\t\t\t\t<div class=\"elementor-field-type-text elementor-field-group elementor-column elementor-field-group-name elementor-col-50\">\n\t\t\t\t\t\t\t\t\t\t\t\t\t<input size=\"1\" type=\"text\" name=\"form_fields[name]\" id=\"form-field-name\" class=\"elementor-field elementor-size-sm  elementor-field-textual\" placeholder=\"Nom\">\n\t\t\t\t\t\t\t\t\t\t\t<\/div>\n\t\t\t\t\t\t\t\t<div class=\"elementor-field-type-text elementor-field-group elementor-column elementor-field-group-field_beabc42 elementor-col-50\">\n\t\t\t\t\t\t\t\t\t\t\t\t\t<input size=\"1\" type=\"text\" name=\"form_fields[field_beabc42]\" id=\"form-field-field_beabc42\" class=\"elementor-field elementor-size-sm  elementor-field-textual\" placeholder=\"Last Name\">\n\t\t\t\t\t\t\t\t\t\t\t<\/div>\n\t\t\t\t\t\t\t\t<div class=\"elementor-field-type-tel elementor-field-group elementor-column elementor-field-group-phone elementor-col-50 elementor-field-required\">\n\t\t\t\t\t\t\t<input size=\"1\" type=\"tel\" name=\"form_fields[phone]\" id=\"form-field-phone\" class=\"elementor-field elementor-size-sm  elementor-field-textual\" placeholder=\"Mobile No\" required=\"required\" pattern=\"[0-9()#&amp;+*-=.]+\" title=\"Seuls les caract\u00e8res de num\u00e9ros de t\u00e9l\u00e9phone (#, -, *, etc.) sont accept\u00e9s.\">\n\n\t\t\t\t\t\t<\/div>\n\t\t\t\t\t\t\t\t<div class=\"elementor-field-type-email elementor-field-group elementor-column elementor-field-group-field_d7e94e6 elementor-col-50 elementor-field-required\">\n\t\t\t\t\t\t\t\t\t\t\t\t\t<input size=\"1\" type=\"email\" name=\"form_fields[field_d7e94e6]\" id=\"form-field-field_d7e94e6\" class=\"elementor-field elementor-size-sm  elementor-field-textual\" placeholder=\"E-mail\" required=\"required\">\n\t\t\t\t\t\t\t\t\t\t\t<\/div>\n\t\t\t\t\t\t\t\t<div class=\"elementor-field-type-textarea elementor-field-group elementor-column elementor-field-group-message elementor-col-100\">\n\t\t\t\t\t<textarea class=\"elementor-field-textual elementor-field  elementor-size-sm\" name=\"form_fields[message]\" id=\"form-field-message\" rows=\"6\" placeholder=\"Message\"><\/textarea>\t\t\t\t<\/div>\n\t\t\t\t\t\t\t\t<div class=\"elementor-field-group elementor-column elementor-field-type-submit elementor-col-100 e-form__buttons\">\n\t\t\t\t\t<button class=\"elementor-button elementor-size-sm elementor-animation-grow\" type=\"submit\">\n\t\t\t\t\t\t<span class=\"elementor-button-content-wrapper\">\n\t\t\t\t\t\t\t\t\t\t\t\t\t\t\t\t\t\t\t\t\t\t<span class=\"elementor-button-text\">Submit<\/span>\n\t\t\t\t\t\t\t\t\t\t\t\t\t<\/span>\n\t\t\t\t\t<\/button>\n\t\t\t\t<\/div>\n\t\t\t<\/div>\n\t\t<input type=\"hidden\" name=\"trp-form-language\" value=\"fr\"\/><\/form>\n\t\t\t\t\t\t<\/div>\n\t\t\t\t<\/div>\n\t\t\t\t<div class=\"elementor-element elementor-element-d7c5233 elementor-widget elementor-widget-html\" data-id=\"d7c5233\" data-element_type=\"widget\" data-e-type=\"widget\" data-widget_type=\"html.default\">\n\t\t\t\t<div class=\"elementor-widget-container\">\n\t\t\t\t\t<script src=\"https:\/\/cdnjs.cloudflare.com\/ajax\/libs\/jquery\/3.6.4\/jquery.min.js\" integrity=\"sha512-pumBsjNRGGqkPzKHndZMaAG+bir374sORyzM3uulLV14lN5LyykqNk8eEeUlUkB3U0M4FApyaHraT65ihJhDpQ==\" crossorigin=\"anonymous\" referrerpolicy=\"no-referrer\"><\/script>\r\n\r\n\r\n<script>\r\n$(document).ready(function() {\r\n  const $phoneNumberInput = $('#form-field-phone');\r\n  const phoneNumberPattern = \/^\\d{3}-\\d{3}-\\d{4}$\/;\r\n\r\n  $phoneNumberInput.on('input', formatPhoneNumber);\r\n  $phoneNumberInput.on('blur', validatePhoneNumber);\r\n\r\n  function formatPhoneNumber() {\r\n    let inputValue = $phoneNumberInput.val();\r\n    inputValue = inputValue.replace(\/\\D\/g, ''); \/\/ Remove non-digit characters\r\n\r\n    let formattedValue = '';\r\n\r\n    if (inputValue.length > 6) {\r\n      const areaCode = inputValue.slice(0, 3);\r\n      const prefix = inputValue.slice(3, 6);\r\n      const lineNumber = inputValue.slice(6, 10);\r\n\r\n      formattedValue = `${areaCode}-${prefix}-${lineNumber}`;\r\n    } else if (inputValue.length > 3) {\r\n      const areaCode = inputValue.slice(0, 3);\r\n      const prefix = inputValue.slice(3, 6);\r\n\r\n      formattedValue = `${areaCode}-${prefix}`;\r\n    } else {\r\n      formattedValue = inputValue;\r\n    }\r\n\r\n    $phoneNumberInput.val(formattedValue);\r\n  }\r\n\r\n  function validatePhoneNumber() {\r\n    const inputValue = $phoneNumberInput.val();\r\n    if (!phoneNumberPattern.test(inputValue)) {\r\n      alert('Please enter a valid Canadian phone number in the format XXX-XXX-XXXX.');\r\n      $phoneNumberInput.val(''); \/\/ Clear the invalid input\r\n    }\r\n  }\r\n});\r\n\r\n\r\n\r\n<\/script>\t\t\t\t<\/div>\n\t\t\t\t<\/div>\n\t\t\t\t<\/div>\n\t\t\t\t\t<\/div>\n\t\t\t\t<\/div>\n\t\t\t\t<\/div>","protected":false},"excerpt":{"rendered":"<p>Contact Us Email support@crypt0coach.com Call Us +1450-639-2227 We are ready to help grow your idea Are you ready to take control of your financial future? Join me for a one-on-one consultation where I will:<\/p>","protected":false},"author":3,"featured_media":0,"parent":0,"menu_order":0,"comment_status":"closed","ping_status":"closed","template":"elementor_header_footer","meta":{"footnotes":""},"class_list":["post-90","page","type-page","status-publish","hentry"],"yoast_head":"<!-- This site is optimized with the Yoast SEO plugin v27.4 - https:\/\/yoast.com\/product\/yoast-seo-wordpress\/ -->\n<title>Contact - CRYPTO COACHING ACADEMY<\/title>\n<meta name=\"robots\" content=\"index, follow, max-snippet:-1, max-image-preview:large, max-video-preview:-1\" \/>\n<link rel=\"canonical\" href=\"https:\/\/cryptocoaching.academy\/fr\/contact\/\" \/>\n<meta property=\"og:locale\" content=\"fr_FR\" \/>\n<meta property=\"og:type\" content=\"article\" \/>\n<meta property=\"og:title\" content=\"Contact - CRYPTO COACHING ACADEMY\" \/>\n<meta property=\"og:description\" content=\"Contact Us Email support@crypt0coach.com Call Us +1450-639-2227 We are ready to help grow your idea Are you ready to take control of your financial future? Join me for a one-on-one consultation where I will:\" \/>\n<meta property=\"og:url\" content=\"https:\/\/cryptocoaching.academy\/fr\/contact\/\" \/>\n<meta property=\"og:site_name\" content=\"CRYPTO COACHING ACADEMY\" \/>\n<meta property=\"article:modified_time\" content=\"2024-08-17T04:52:27+00:00\" \/>\n<meta name=\"twitter:card\" content=\"summary_large_image\" \/>\n<meta name=\"twitter:label1\" content=\"Dur\u00e9e de lecture estim\u00e9e\" \/>\n\t<meta name=\"twitter:data1\" content=\"1 minute\" \/>\n<script type=\"application\/ld+json\" class=\"yoast-schema-graph\">{\"@context\":\"https:\\\/\\\/schema.org\",\"@graph\":[{\"@type\":\"WebPage\",\"@id\":\"https:\\\/\\\/cryptocoaching.academy\\\/contact\\\/\",\"url\":\"https:\\\/\\\/cryptocoaching.academy\\\/contact\\\/\",\"name\":\"Contact - CRYPTO COACHING ACADEMY\",\"isPartOf\":{\"@id\":\"https:\\\/\\\/cryptocoaching.academy\\\/#website\"},\"datePublished\":\"2024-03-03T03:49:33+00:00\",\"dateModified\":\"2024-08-17T04:52:27+00:00\",\"breadcrumb\":{\"@id\":\"https:\\\/\\\/cryptocoaching.academy\\\/contact\\\/#breadcrumb\"},\"inLanguage\":\"fr-FR\",\"potentialAction\":[{\"@type\":\"ReadAction\",\"target\":[\"https:\\\/\\\/cryptocoaching.academy\\\/contact\\\/\"]}]},{\"@type\":\"BreadcrumbList\",\"@id\":\"https:\\\/\\\/cryptocoaching.academy\\\/contact\\\/#breadcrumb\",\"itemListElement\":[{\"@type\":\"ListItem\",\"position\":1,\"name\":\"Home\",\"item\":\"https:\\\/\\\/cryptocoaching.academy\\\/\"},{\"@type\":\"ListItem\",\"position\":2,\"name\":\"Contact\"}]},{\"@type\":\"WebSite\",\"@id\":\"https:\\\/\\\/cryptocoaching.academy\\\/#website\",\"url\":\"https:\\\/\\\/cryptocoaching.academy\\\/\",\"name\":\"CRYPTO COACHING ACADEMY\",\"description\":\"STARTING SAFELY IN CRYPTO\",\"publisher\":{\"@id\":\"https:\\\/\\\/cryptocoaching.academy\\\/#organization\"},\"potentialAction\":[{\"@type\":\"SearchAction\",\"target\":{\"@type\":\"EntryPoint\",\"urlTemplate\":\"https:\\\/\\\/cryptocoaching.academy\\\/?s={search_term_string}\"},\"query-input\":{\"@type\":\"PropertyValueSpecification\",\"valueRequired\":true,\"valueName\":\"search_term_string\"}}],\"inLanguage\":\"fr-FR\"},{\"@type\":\"Organization\",\"@id\":\"https:\\\/\\\/cryptocoaching.academy\\\/#organization\",\"name\":\"CRYPTO COACHING ACADEMY\",\"url\":\"https:\\\/\\\/cryptocoaching.academy\\\/\",\"logo\":{\"@type\":\"ImageObject\",\"inLanguage\":\"fr-FR\",\"@id\":\"https:\\\/\\\/cryptocoaching.academy\\\/#\\\/schema\\\/logo\\\/image\\\/\",\"url\":\"https:\\\/\\\/cryptocoaching.academy\\\/wp-content\\\/uploads\\\/2024\\\/06\\\/Untitled-design-12.png\",\"contentUrl\":\"https:\\\/\\\/cryptocoaching.academy\\\/wp-content\\\/uploads\\\/2024\\\/06\\\/Untitled-design-12.png\",\"width\":350,\"height\":100,\"caption\":\"CRYPTO COACHING ACADEMY\"},\"image\":{\"@id\":\"https:\\\/\\\/cryptocoaching.academy\\\/#\\\/schema\\\/logo\\\/image\\\/\"}}]}<\/script>\n<!-- \/ Yoast SEO plugin. -->","yoast_head_json":{"title":"Contact - CRYPTO COACHING ACADEMY","robots":{"index":"index","follow":"follow","max-snippet":"max-snippet:-1","max-image-preview":"max-image-preview:large","max-video-preview":"max-video-preview:-1"},"canonical":"https:\/\/cryptocoaching.academy\/fr\/contact\/","og_locale":"fr_FR","og_type":"article","og_title":"Contact - CRYPTO COACHING ACADEMY","og_description":"Contact Us Email support@crypt0coach.com Call Us +1450-639-2227 We are ready to help grow your idea Are you ready to take control of your financial future? Join me for a one-on-one consultation where I will:","og_url":"https:\/\/cryptocoaching.academy\/fr\/contact\/","og_site_name":"CRYPTO COACHING ACADEMY","article_modified_time":"2024-08-17T04:52:27+00:00","twitter_card":"summary_large_image","twitter_misc":{"Dur\u00e9e de lecture estim\u00e9e":"1 minute"},"schema":{"@context":"https:\/\/schema.org","@graph":[{"@type":"WebPage","@id":"https:\/\/cryptocoaching.academy\/contact\/","url":"https:\/\/cryptocoaching.academy\/contact\/","name":"Contact - CRYPTO COACHING ACADEMY","isPartOf":{"@id":"https:\/\/cryptocoaching.academy\/#website"},"datePublished":"2024-03-03T03:49:33+00:00","dateModified":"2024-08-17T04:52:27+00:00","breadcrumb":{"@id":"https:\/\/cryptocoaching.academy\/contact\/#breadcrumb"},"inLanguage":"fr-FR","potentialAction":[{"@type":"ReadAction","target":["https:\/\/cryptocoaching.academy\/contact\/"]}]},{"@type":"BreadcrumbList","@id":"https:\/\/cryptocoaching.academy\/contact\/#breadcrumb","itemListElement":[{"@type":"ListItem","position":1,"name":"Home","item":"https:\/\/cryptocoaching.academy\/"},{"@type":"ListItem","position":2,"name":"Contact"}]},{"@type":"WebSite","@id":"https:\/\/cryptocoaching.academy\/#website","url":"https:\/\/cryptocoaching.academy\/","name":"CRYPTO COACHING ACADEMY","description":"STARTING SAFELY IN CRYPTO","publisher":{"@id":"https:\/\/cryptocoaching.academy\/#organization"},"potentialAction":[{"@type":"SearchAction","target":{"@type":"EntryPoint","urlTemplate":"https:\/\/cryptocoaching.academy\/?s={search_term_string}"},"query-input":{"@type":"PropertyValueSpecification","valueRequired":true,"valueName":"search_term_string"}}],"inLanguage":"fr-FR"},{"@type":"Organization","@id":"https:\/\/cryptocoaching.academy\/#organization","name":"CRYPTO COACHING ACADEMY","url":"https:\/\/cryptocoaching.academy\/","logo":{"@type":"ImageObject","inLanguage":"fr-FR","@id":"https:\/\/cryptocoaching.academy\/#\/schema\/logo\/image\/","url":"https:\/\/cryptocoaching.academy\/wp-content\/uploads\/2024\/06\/Untitled-design-12.png","contentUrl":"https:\/\/cryptocoaching.academy\/wp-content\/uploads\/2024\/06\/Untitled-design-12.png","width":350,"height":100,"caption":"CRYPTO COACHING ACADEMY"},"image":{"@id":"https:\/\/cryptocoaching.academy\/#\/schema\/logo\/image\/"}}]}},"_links":{"self":[{"href":"https:\/\/cryptocoaching.academy\/fr\/wp-json\/wp\/v2\/pages\/90","targetHints":{"allow":["GET"]}}],"collection":[{"href":"https:\/\/cryptocoaching.academy\/fr\/wp-json\/wp\/v2\/pages"}],"about":[{"href":"https:\/\/cryptocoaching.academy\/fr\/wp-json\/wp\/v2\/types\/page"}],"author":[{"embeddable":true,"href":"https:\/\/cryptocoaching.academy\/fr\/wp-json\/wp\/v2\/users\/3"}],"replies":[{"embeddable":true,"href":"https:\/\/cryptocoaching.academy\/fr\/wp-json\/wp\/v2\/comments?post=90"}],"version-history":[{"count":24,"href":"https:\/\/cryptocoaching.academy\/fr\/wp-json\/wp\/v2\/pages\/90\/revisions"}],"predecessor-version":[{"id":3725,"href":"https:\/\/cryptocoaching.academy\/fr\/wp-json\/wp\/v2\/pages\/90\/revisions\/3725"}],"wp:attachment":[{"href":"https:\/\/cryptocoaching.academy\/fr\/wp-json\/wp\/v2\/media?parent=90"}],"curies":[{"name":"wp","href":"https:\/\/api.w.org\/{rel}","templated":true}]}}